{"id":74174,"date":"2024-11-07T15:55:02","date_gmt":"2024-11-07T18:55:02","guid":{"rendered":"https:\/\/riocarnavaltickets.com\/?post_type=product&#038;p=74174"},"modified":"2026-02-21T11:09:52","modified_gmt":"2026-02-21T14:09:52","slug":"arq-en","status":"publish","type":"product","link":"https:\/\/riocarnavaltickets.com\/en\/product-2\/arq-en\/","title":{"rendered":"Grandstand Sector 9 - Numbered Seat"},"content":{"rendered":"<div data-elementor-type=\"product-post\" data-elementor-id=\"74174\" class=\"elementor elementor-74174\" data-elementor-post-type=\"product\">\n\t\t\t\t\t\t<section class=\"elementor-section elementor-top-section elementor-element elementor-element-44de1d60 elementor-section-boxed elementor-section-height-default elementor-section-height-default\" data-id=\"44de1d60\" data-element_type=\"section\" data-e-type=\"section\">\n\t\t\t\t\t\t<div class=\"elementor-container elementor-column-gap-default\">\n\t\t\t\t\t<div class=\"elementor-column elementor-col-100 elementor-top-column elementor-element elementor-element-3cab125a\" data-id=\"3cab125a\" data-element_type=\"column\" data-e-type=\"column\">\n\t\t\t<div class=\"elementor-widget-wrap elementor-element-populated\">\n\t\t\t\t\t\t<div class=\"elementor-element elementor-element-66a48b1c elementor-widget elementor-widget-text-editor\" data-id=\"66a48b1c\" data-element_type=\"widget\" data-e-type=\"widget\" data-widget_type=\"text-editor.default\">\n\t\t\t\t<div class=\"elementor-widget-container\">\n\t\t\t\t\t\t\t\t\t<p><span data-contrast=\"auto\">THE\u00a0<\/span><span data-contrast=\"auto\">S<\/span><span data-contrast=\"auto\">amb\u00f3dromo \u00e9 dividido em 12 setores, come\u00e7ando do setor 2 at\u00e9 o 13<\/span><span data-contrast=\"auto\">. T<\/span><span data-contrast=\"auto\">odos com vis\u00f5es a\u00e9reas dos desfiles<\/span><span data-contrast=\"auto\">,<\/span><span data-contrast=\"auto\">\u00a0mas cada um com\u00a0<\/span><span data-contrast=\"auto\">algum diferencial entre eles.<\/span><span data-ccp-props=\"{\">\u00a0<\/span><\/p><p><span data-contrast=\"auto\">In sectors 2 to 5<\/span><span data-contrast=\"auto\">,<\/span><span data-contrast=\"auto\">\u00a0voc\u00ea ter\u00e1 uma incr\u00edvel vis\u00e3o do aquecimento, ver\u00e1 um pouco do\u00a0<\/span><span data-contrast=\"auto\">backstage de cada escola, ser\u00e1 um dos primeiros a ver o inicio do desfile\u00a0<\/span><span data-contrast=\"auto\">e por ser um lugar no come\u00e7o da\u00a0<\/span><span data-contrast=\"auto\">THE<\/span><span data-contrast=\"auto\">venida, o tempo de intervalo entre as escola ser\u00e1 menor.<\/span><span data-ccp-props=\"{\">\u00a0<\/span><\/p><p><span data-contrast=\"auto\">Nos setores 6,<\/span><span data-contrast=\"auto\">\u00a0<\/span><span data-contrast=\"auto\">7,<\/span><span data-contrast=\"auto\">\u00a0<\/span><span data-contrast=\"auto\">8 e 9 voc\u00ea estar\u00e1 localizado no centro da\u00a0<\/span><span data-contrast=\"auto\">THE<\/span><span data-contrast=\"auto\">venida, dando assim uma incr\u00edvel e completa vis\u00e3o de todo o desfile<\/span><span data-contrast=\"auto\">.<\/span><span data-contrast=\"auto\">\u00a0<\/span><span data-contrast=\"auto\">Ir\u00e1\u00a0<\/span><span data-contrast=\"auto\">ver detalhadamente inicio, meio e fim de cada uma delas. As escolas j\u00e1 estar<\/span><span data-contrast=\"auto\">\u00e3o<\/span><span data-contrast=\"auto\">\u00a0bem formadas na\u00a0<\/span><span data-contrast=\"auto\">THE<\/span><span data-contrast=\"auto\">venida e voc\u00ea estar\u00e1 pr\u00f3ximo dos jurados.\u00a0<\/span><span data-ccp-props=\"{\">\u00a0<\/span><\/p><p><b><span data-contrast=\"auto\">O setor 9 \u00e9 o \u00fanico setor das arquibancadas com a op\u00e7\u00e3o de lugares numerados, proporcionando a<\/span><span data-contrast=\"auto\">inda<\/span><span data-contrast=\"auto\">\u00a0<\/span><span data-contrast=\"auto\">mais imers\u00e3o na sua<\/span><span data-contrast=\"auto\">\u00a0experiencia. Al\u00e9m de ser do lado do recuo da bateria (lugar em que a bateria de cada\u00a0 escola se direciona\u00a0<\/span><span data-contrast=\"auto\">no final de cada apresenta\u00e7\u00e3o<\/span><span data-contrast=\"auto\">) proporcionando assim a oportunidade \u00fanica e emocionante de ouvir de pertinho o samba das escolas.<\/span><span data-ccp-props=\"{\">\u00a0<\/span><\/b><\/p><p><span data-contrast=\"auto\">Nos setores 10 e 11, mesmo n\u00e3o sendo os\u00a0<\/span><span data-contrast=\"auto\">locais<\/span><span data-contrast=\"auto\">\u00a0mais centralizados na\u00a0<\/span><span data-contrast=\"auto\">THE<\/span><span data-contrast=\"auto\">venida, ainda sim proporcionam uma vis\u00e3o ampla e incr\u00edvel do desfile.<\/span><span data-contrast=\"auto\">\u00a0<\/span><span data-contrast=\"auto\">No setor 11<\/span><span data-contrast=\"auto\">,<\/span><span data-contrast=\"auto\">\u00a0que \u00e9 ao lado do setor 9, sendo assim semelhantes, tamb\u00e9m proporciona a experiencia de estar ao lado da bateri<\/span><span data-contrast=\"auto\">a<\/span><span data-contrast=\"auto\">, mas sem a op\u00e7\u00e3o de lugar\u00a0<\/span><span data-contrast=\"auto\">com identifica\u00e7\u00e3o.<\/span><span data-ccp-props=\"{\">\u00a0<\/span><\/p><p><span data-contrast=\"auto\">N<\/span><span data-contrast=\"auto\">os s<\/span><span data-contrast=\"auto\">etores 12 e 13<\/span><span data-contrast=\"auto\">,<\/span><span data-contrast=\"auto\">\u00a0s\u00e3o\u00a0<\/span><span data-contrast=\"auto\">os lugares<\/span><span data-contrast=\"auto\">\u00a0no final da\u00a0<\/span><span data-contrast=\"auto\">THE<\/span><span data-contrast=\"auto\">venida<\/span><span data-contrast=\"auto\">,<\/span><span data-contrast=\"auto\">\u00a0sendo assim\u00a0<\/span><span data-contrast=\"auto\">as<\/span><span data-contrast=\"auto\">\u00a0<\/span><span data-contrast=\"auto\">localiza\u00e7\u00f5es\u00a0<\/span><span data-contrast=\"auto\">mais afastados e que proporcionam uma vis\u00e3o boa do desfile<\/span><span data-contrast=\"auto\">,<\/span><span data-contrast=\"auto\">\u00a0mas n\u00e3o t\u00e3o excelente quanto os outros setores<\/span><span data-contrast=\"auto\">\u00a0(6, 7, 8, 9, 10 e 11)<\/span><span data-contrast=\"auto\">. Mas n\u00e3o um setor menos importante<\/span><span data-contrast=\"auto\">,<\/span><span data-contrast=\"auto\">\u00a0pois ele permite a incr\u00edvel vis\u00e3o dos minutos finais do desfile em que todos os integrantes das escolas tem que chegar antes d<\/span><span data-contrast=\"auto\">o<\/span><span data-contrast=\"auto\">\u00a0<\/span><span data-contrast=\"auto\">tempo determinado. O setor oferece a imers\u00e3o de chegada de cada escola.<\/span><span data-ccp-props=\"{\">\u00a0<\/span><\/p><p><span data-contrast=\"none\">Lembrando que somente o setor 9 tem lugares numerados. Todos os outros setores das arquibancadas n\u00e3o\u00a0<\/span><span data-contrast=\"none\">possuem demarca\u00e7\u00e3o,<\/span><span data-contrast=\"none\">\u00a0ent\u00e3o<\/span><span data-contrast=\"none\">,<\/span><span data-contrast=\"none\">\u00a0para garantir o assento de sua prefer\u00eancia<\/span><span data-contrast=\"none\">,<\/span><span data-contrast=\"none\">\u00a0\u00e9 recomend\u00e1vel chegar com anteced\u00eancia.<\/span><\/p>\t\t\t\t\t\t\t\t<\/div>\n\t\t\t\t<\/div>\n\t\t\t\t\t<\/div>\n\t\t<\/div>\n\t\t\t\t\t<\/div>\n\t\t<\/section>\n\t\t\t\t<\/div>","protected":false},"excerpt":{"rendered":"<h4 style=\"text-align: center;\">Grandstand Sector 9 - Numbered Seat<\/h4>\n<p>The Sambadrome is divided into 12 sectors, starting from sector 2 to 13.<br \/>\nThe stands are located on the second level of the stadium, offering a panoramic view of the Samba Schools parade.<\/p>\n<p><strong>In sectors 2 to 5<\/strong>, you will have an incredible view of the warm-up, see a little of the backstage of each school, be one of the first to see the start of the parade and because it is a place at the beginning of the Avenue, the interval time between schools will be shorter.<\/p>\n<p><strong>In sectors 6, 7, 8 and 9<\/strong> You will be located in the center of the Avenue, giving you an incredible and complete view of the entire parade. You will see the beginning, middle and end in detail. The schools will already be well formed on the Avenue and you will be close to the judges.<\/p>\n<p><strong>Sector 9 is the only sector of the stands with numbered seats, providing more comfort in your experience.<br \/>\n<\/strong>Located next to the drum section (where each school&#039;s drum section goes at the end of each performance), providing a unique and exciting opportunity to hear the schools&#039; samba up close.<\/p>\n<p><strong>In sectors 10 and 11<\/strong>, even though they are not the most centralized locations on the Avenue, they still provide a wide and incredible view of the parade. In sector 11, which is next to sector 9, and therefore similar, it also provides the experience of being next to the drum section, but without the option of an identified seat.<\/p>\n<p><strong>In sectors 12 and 13 (partial view)<\/strong>, are the places at the end of the Avenue. These sectors are set back and provide a partial view of the parade. They allow you to appreciate the final moments of the parade when all the members of the schools have to arrive before the set time.<\/p>\n<p>&nbsp;<\/p>","protected":false},"featured_media":62677,"template":"","meta":{"site-sidebar-layout":"default","site-content-layout":"boxed-container","ast-site-content-layout":"normal-width-container","site-content-style":"boxed","site-sidebar-style":"boxed","ast-global-header-display":"","ast-banner-title-visibility":"","ast-main-header-display":"","ast-hfb-above-header-display":"","ast-hfb-below-header-display":"","ast-hfb-mobile-header-display":"","site-post-title":"","ast-breadcrumbs-content":"","ast-featured-img":"","footer-sml-layout":"","ast-disable-related-posts":"","theme-transparent-header-meta":"default","adv-header-id-meta":"","stick-header-meta":"default","header-above-stick-meta":"","header-main-stick-meta":"","header-below-stick-meta":"","astra-migrate-meta-layouts":"set","ast-page-background-enabled":"default","ast-page-background-meta":{"desktop":{"background-color":"","background-image":"","background-repeat":"repeat","background-position":"center center","background-size":"auto","background-attachment":"scroll","background-type":"","background-media":"","overlay-type":"","overlay-color":"","overlay-opacity":"","overlay-gradient":""},"tablet":{"background-color":"","background-image":"","background-repeat":"repeat","background-position":"center center","background-size":"auto","background-attachment":"scroll","background-type":"","background-media":"","overlay-type":"","overlay-color":"","overlay-opacity":"","overlay-gradient":""},"mobile":{"background-color":"","background-image":"","background-repeat":"repeat","background-position":"center center","background-size":"auto","background-attachment":"scroll","background-type":"","background-media":"","overlay-type":"","overlay-color":"","overlay-opacity":"","overlay-gradient":""}},"ast-content-background-meta":{"desktop":{"background-color":"var(--ast-global-color-5)","background-image":"","background-repeat":"repeat","background-position":"center center","background-size":"auto","background-attachment":"scroll","background-type":"","background-media":"","overlay-type":"","overlay-color":"","overlay-opacity":"","overlay-gradient":""},"tablet":{"background-color":"var(--ast-global-color-5)","background-image":"","background-repeat":"repeat","background-position":"center center","background-size":"auto","background-attachment":"scroll","background-type":"","background-media":"","overlay-type":"","overlay-color":"","overlay-opacity":"","overlay-gradient":""},"mobile":{"background-color":"var(--ast-global-color-5)","background-image":"","background-repeat":"repeat","background-position":"center center","background-size":"auto","background-attachment":"scroll","background-type":"","background-media":"","overlay-type":"","overlay-color":"","overlay-opacity":"","overlay-gradient":""}}},"product_brand":[],"product_cat":[600,717],"product_tag":[],"class_list":{"0":"post-74174","1":"product","2":"type-product","3":"status-publish","4":"has-post-thumbnail","6":"product_cat-arquibancadas","7":"product_cat-pagina-de-ingressos","8":"product_shipping_class-especial","9":"pa_arquibancadas-setor-09","10":"pa_arquibancadas-arquibancada-setor-9-fila-a","11":"desktop-align-left","12":"tablet-align-left","13":"mobile-align-left","14":"tm-has-options","16":"first","17":"outofstock","18":"featured","19":"shipping-taxable","20":"purchasable","21":"product-type-variable"},"_links":{"self":[{"href":"https:\/\/riocarnavaltickets.com\/en\/wp-json\/wp\/v2\/product\/74174","targetHints":{"allow":["GET"]}}],"collection":[{"href":"https:\/\/riocarnavaltickets.com\/en\/wp-json\/wp\/v2\/product"}],"about":[{"href":"https:\/\/riocarnavaltickets.com\/en\/wp-json\/wp\/v2\/types\/product"}],"wp:featuredmedia":[{"embeddable":true,"href":"https:\/\/riocarnavaltickets.com\/en\/wp-json\/wp\/v2\/media\/62677"}],"wp:attachment":[{"href":"https:\/\/riocarnavaltickets.com\/en\/wp-json\/wp\/v2\/media?parent=74174"}],"wp:term":[{"taxonomy":"product_brand","embeddable":true,"href":"https:\/\/riocarnavaltickets.com\/en\/wp-json\/wp\/v2\/product_brand?post=74174"},{"taxonomy":"product_cat","embeddable":true,"href":"https:\/\/riocarnavaltickets.com\/en\/wp-json\/wp\/v2\/product_cat?post=74174"},{"taxonomy":"product_tag","embeddable":true,"href":"https:\/\/riocarnavaltickets.com\/en\/wp-json\/wp\/v2\/product_tag?post=74174"}],"curies":[{"name":"wp","href":"https:\/\/api.w.org\/{rel}","templated":true}]}}