{"id":74759,"date":"2020-01-10T19:20:32","date_gmt":"2020-01-10T22:20:32","guid":{"rendered":"https:\/\/riocarnavaltickets.com\/?post_type=product&#038;p=74759"},"modified":"2025-11-07T11:31:36","modified_gmt":"2025-11-07T14:31:36","slug":"camarote-verde-e-rosa","status":"publish","type":"product","link":"https:\/\/riocarnavaltickets.com\/en\/product-2\/camarote-verde-e-rosa\/","title":{"rendered":"Camarote Verde e Rosa \u2013 Use the coupon \u201cRCT2026\u201d and get 5% off!"},"content":{"rendered":"","protected":false},"excerpt":{"rendered":"<h4 style=\"text-align: center\"><strong>Compre utilizando o cupom \u201cRCT2026\u201d e ganhe seu desconto exclusivo!<\/strong><\/h4>\n<h4 style=\"text-align: center\"><\/h4>\n<p style=\"text-align: center\">Prepare-se para viver a magia VerdeRosa no camarote mais exclusivo da Sapuca\u00ed. <span style=\"font-size: 16px\">Voc\u00ea est\u00e1 adquirindo a mais nova experi\u00eancia da BarizON Entretenimento, criadora do RIOEXXPERIENCE e de muitos outros projetos \u00fanicos idealizados para clientes muito especiais.<\/span><\/p>\n<p style=\"text-align: center\">As tarifas incluem:<\/p>\n<p>&#8211; Ingresso Individual<br \/>\n&#8211; Camisa<br \/>\n&#8211;\u00a0Transporte Expresso Executivo com sa\u00eddas a partir dos meeting points Zona Sul e CasaShopping (Barra da Tijuca)<br \/>\n&#8211; Servi\u00e7os de Open Bar Super Premium<br \/>\n&#8211; Gastronomia Contempor\u00e2nea<br \/>\n&#8211; Patisserie<\/p>\n<p style=\"text-align: center\">Tudo isso para deixar sua noite ainda mais especial. O atendimento personalizado da equipe mais dedicada e apaixonada do Carnaval far\u00e1 com que voc\u00ea se sinta ainda mais feliz, confort\u00e1vel e seguro para curtir e viver intensamente cada momento do encantamento VerdeRosa no maior espet\u00e1culo da Terra.<\/p>\n<p style=\"text-align: center\">A BarizON Entretenimento \u00e9 uma produtora de eventos comprometida com uma gest\u00e3o consciente e respons\u00e1vel, sendo a \u00fanica empresa certificada como carbono neutro na Sapuca\u00ed no RioCarnaval 2024. Focada em proporcionar experi\u00eancias singulares no Rio de Janeiro, a BarizON prioriza a qualidade aliada \u00e0 consci\u00eancia ambiental, sustentabilidade e responsabilidade social, em conformidade com a Agenda 2030 da ONU.<\/p>","protected":false},"featured_media":76871,"template":"","meta":{"site-sidebar-layout":"default","site-content-layout":"","ast-site-content-layout":"default","site-content-style":"default","site-sidebar-style":"default","ast-global-header-display":"","ast-banner-title-visibility":"","ast-main-header-display":"","ast-hfb-above-header-display":"","ast-hfb-below-header-display":"","ast-hfb-mobile-header-display":"","site-post-title":"","ast-breadcrumbs-content":"","ast-featured-img":"","footer-sml-layout":"","ast-disable-related-posts":"","theme-transparent-header-meta":"default","adv-header-id-meta":"","stick-header-meta":"","header-above-stick-meta":"","header-main-stick-meta":"","header-below-stick-meta":"","astra-migrate-meta-layouts":"set","ast-page-background-enabled":"default","ast-page-background-meta":{"desktop":{"background-color":"","background-image":"","background-repeat":"repeat","background-position":"center center","background-size":"auto","background-attachment":"scroll","background-type":"","background-media":"","overlay-type":"","overlay-color":"","overlay-opacity":"","overlay-gradient":""},"tablet":{"background-color":"","background-image":"","background-repeat":"repeat","background-position":"center center","background-size":"auto","background-attachment":"scroll","background-type":"","background-media":"","overlay-type":"","overlay-color":"","overlay-opacity":"","overlay-gradient":""},"mobile":{"background-color":"","background-image":"","background-repeat":"repeat","background-position":"center center","background-size":"auto","background-attachment":"scroll","background-type":"","background-media":"","overlay-type":"","overlay-color":"","overlay-opacity":"","overlay-gradient":""}},"ast-content-background-meta":{"desktop":{"background-color":"var(--ast-global-color-5)","background-image":"","background-repeat":"repeat","background-position":"center center","background-size":"auto","background-attachment":"scroll","background-type":"","background-media":"","overlay-type":"","overlay-color":"","overlay-opacity":"","overlay-gradient":""},"tablet":{"background-color":"var(--ast-global-color-5)","background-image":"","background-repeat":"repeat","background-position":"center center","background-size":"auto","background-attachment":"scroll","background-type":"","background-media":"","overlay-type":"","overlay-color":"","overlay-opacity":"","overlay-gradient":""},"mobile":{"background-color":"var(--ast-global-color-5)","background-image":"","background-repeat":"repeat","background-position":"center center","background-size":"auto","background-attachment":"scroll","background-type":"","background-media":"","overlay-type":"","overlay-color":"","overlay-opacity":"","overlay-gradient":""}}},"product_brand":[],"product_cat":[716,717],"product_tag":[],"class_list":{"0":"post-74759","1":"product","2":"type-product","3":"status-publish","4":"has-post-thumbnail","6":"product_cat-camarote-via-link","7":"product_cat-pagina-de-ingressos","8":"desktop-align-left","9":"tablet-align-left","10":"mobile-align-left","11":"tm-no-options","13":"first","14":"instock","15":"featured","16":"shipping-taxable","17":"product-type-external"},"_links":{"self":[{"href":"https:\/\/riocarnavaltickets.com\/en\/wp-json\/wp\/v2\/product\/74759","targetHints":{"allow":["GET"]}}],"collection":[{"href":"https:\/\/riocarnavaltickets.com\/en\/wp-json\/wp\/v2\/product"}],"about":[{"href":"https:\/\/riocarnavaltickets.com\/en\/wp-json\/wp\/v2\/types\/product"}],"wp:featuredmedia":[{"embeddable":true,"href":"https:\/\/riocarnavaltickets.com\/en\/wp-json\/wp\/v2\/media\/76871"}],"wp:attachment":[{"href":"https:\/\/riocarnavaltickets.com\/en\/wp-json\/wp\/v2\/media?parent=74759"}],"wp:term":[{"taxonomy":"product_brand","embeddable":true,"href":"https:\/\/riocarnavaltickets.com\/en\/wp-json\/wp\/v2\/product_brand?post=74759"},{"taxonomy":"product_cat","embeddable":true,"href":"https:\/\/riocarnavaltickets.com\/en\/wp-json\/wp\/v2\/product_cat?post=74759"},{"taxonomy":"product_tag","embeddable":true,"href":"https:\/\/riocarnavaltickets.com\/en\/wp-json\/wp\/v2\/product_tag?post=74759"}],"curies":[{"name":"wp","href":"https:\/\/api.w.org\/{rel}","templated":true}]}}