{"id":75228,"date":"2020-01-13T11:24:57","date_gmt":"2020-01-13T14:24:57","guid":{"rendered":"https:\/\/riocarnavaltickets.com\/?post_type=product&#038;p=75228"},"modified":"2025-10-28T12:30:31","modified_gmt":"2025-10-28T15:30:31","slug":"camarote-arpoador","status":"publish","type":"product","link":"https:\/\/riocarnavaltickets.com\/en\/product-2\/camarote-arpoador\/","title":{"rendered":"Camarote Arpoador \u2013 Purchase using the coupon \u201cRCT2026\u201d and get 15% off!"},"content":{"rendered":"","protected":false},"excerpt":{"rendered":"<h4 style=\"text-align: center;\"><strong>Compre utilizando o cupom &#8220;RCT2026&#8221; e ganhe seu desconto exclusivo!<\/strong><\/h4>\n<p>&nbsp;<\/p>\n<p style=\"text-align: center;\"><b>CAMAROTE ARPOADOR 2026<\/b><\/p>\n<p style=\"text-align: center;\"><i>CLASSIFICA\u00c7\u00c3O ET\u00c1RIA: 18 anos<b><\/b><\/i><\/p>\n<p><b>13, 14, 15, 16, 17 e 21 de FEVEREIRO | 20H<\/b><br \/>\n<b>Setores 3 e 5, Samb\u00f3dromo da Marqu\u00eas de Sapuca\u00ed<\/b><\/p>\n<p>O melhor lugar da Sapuca\u00ed, o Camarote Arpoador \u00e9 o destino perfeito para quem busca glamour, sofistica\u00e7\u00e3o e uma vista de tirar o f\u00f4lego.<\/p>\n<p>No maior camarote da Sapuca\u00ed, voc\u00ea n\u00e3o s\u00f3 curte os melhores shows, mas tamb\u00e9m experimenta a verdadeira ess\u00eancia do carnaval carioca.<\/p>\n<p>Com uma estrutura impec\u00e1vel, o maior autosservi\u00e7o e gastronomia de primeira com um atendimento personalizado.<\/p>\n<p>O Camarote Arpoador te conecta com a felicidade, amor\u202fe\u202fo\u202fcarnaval!<\/p>\n<p>&nbsp;<\/p>\n<p style=\"text-align: center;\"><strong>Oferecemos apenas cupons de desconto. Os ingressos s\u00e3o vendidos no site da Ticketmaster Brasil.<\/strong><\/p>\n<p>&nbsp;<\/p>\n<p>&nbsp;<\/p>","protected":false},"featured_media":76843,"template":"","meta":{"site-sidebar-layout":"default","site-content-layout":"","ast-site-content-layout":"default","site-content-style":"default","site-sidebar-style":"default","ast-global-header-display":"","ast-banner-title-visibility":"","ast-main-header-display":"","ast-hfb-above-header-display":"","ast-hfb-below-header-display":"","ast-hfb-mobile-header-display":"","site-post-title":"","ast-breadcrumbs-content":"","ast-featured-img":"","footer-sml-layout":"","ast-disable-related-posts":"","theme-transparent-header-meta":"default","adv-header-id-meta":"","stick-header-meta":"","header-above-stick-meta":"","header-main-stick-meta":"","header-below-stick-meta":"","astra-migrate-meta-layouts":"set","ast-page-background-enabled":"default","ast-page-background-meta":{"desktop":{"background-color":"","background-image":"","background-repeat":"repeat","background-position":"center center","background-size":"auto","background-attachment":"scroll","background-type":"","background-media":"","overlay-type":"","overlay-color":"","overlay-opacity":"","overlay-gradient":""},"tablet":{"background-color":"","background-image":"","background-repeat":"repeat","background-position":"center center","background-size":"auto","background-attachment":"scroll","background-type":"","background-media":"","overlay-type":"","overlay-color":"","overlay-opacity":"","overlay-gradient":""},"mobile":{"background-color":"","background-image":"","background-repeat":"repeat","background-position":"center center","background-size":"auto","background-attachment":"scroll","background-type":"","background-media":"","overlay-type":"","overlay-color":"","overlay-opacity":"","overlay-gradient":""}},"ast-content-background-meta":{"desktop":{"background-color":"var(--ast-global-color-5)","background-image":"","background-repeat":"repeat","background-position":"center center","background-size":"auto","background-attachment":"scroll","background-type":"","background-media":"","overlay-type":"","overlay-color":"","overlay-opacity":"","overlay-gradient":""},"tablet":{"background-color":"var(--ast-global-color-5)","background-image":"","background-repeat":"repeat","background-position":"center center","background-size":"auto","background-attachment":"scroll","background-type":"","background-media":"","overlay-type":"","overlay-color":"","overlay-opacity":"","overlay-gradient":""},"mobile":{"background-color":"var(--ast-global-color-5)","background-image":"","background-repeat":"repeat","background-position":"center center","background-size":"auto","background-attachment":"scroll","background-type":"","background-media":"","overlay-type":"","overlay-color":"","overlay-opacity":"","overlay-gradient":""}}},"product_brand":[],"product_cat":[716,717],"product_tag":[],"class_list":{"0":"post-75228","1":"product","2":"type-product","3":"status-publish","4":"has-post-thumbnail","6":"product_cat-camarote-via-link","7":"product_cat-pagina-de-ingressos","8":"desktop-align-left","9":"tablet-align-left","10":"mobile-align-left","11":"tm-no-options","13":"first","14":"instock","15":"featured","16":"shipping-taxable","17":"product-type-external"},"_links":{"self":[{"href":"https:\/\/riocarnavaltickets.com\/en\/wp-json\/wp\/v2\/product\/75228","targetHints":{"allow":["GET"]}}],"collection":[{"href":"https:\/\/riocarnavaltickets.com\/en\/wp-json\/wp\/v2\/product"}],"about":[{"href":"https:\/\/riocarnavaltickets.com\/en\/wp-json\/wp\/v2\/types\/product"}],"wp:featuredmedia":[{"embeddable":true,"href":"https:\/\/riocarnavaltickets.com\/en\/wp-json\/wp\/v2\/media\/76843"}],"wp:attachment":[{"href":"https:\/\/riocarnavaltickets.com\/en\/wp-json\/wp\/v2\/media?parent=75228"}],"wp:term":[{"taxonomy":"product_brand","embeddable":true,"href":"https:\/\/riocarnavaltickets.com\/en\/wp-json\/wp\/v2\/product_brand?post=75228"},{"taxonomy":"product_cat","embeddable":true,"href":"https:\/\/riocarnavaltickets.com\/en\/wp-json\/wp\/v2\/product_cat?post=75228"},{"taxonomy":"product_tag","embeddable":true,"href":"https:\/\/riocarnavaltickets.com\/en\/wp-json\/wp\/v2\/product_tag?post=75228"}],"curies":[{"name":"wp","href":"https:\/\/api.w.org\/{rel}","templated":true}]}}