{"id":6116,"date":"2016-01-15T11:21:11","date_gmt":"2016-01-15T14:21:11","guid":{"rendered":"https:\/\/riocarnavaltickets.com\/?post_type=product&#038;p=6116"},"modified":"2026-03-03T18:01:46","modified_gmt":"2026-03-03T21:01:46","slug":"repetition-de-lecole-de-samba","status":"publish","type":"product","link":"https:\/\/riocarnavaltickets.com\/fr\/produit\/repetition-de-lecole-de-samba\/","title":{"rendered":"R\u00e9p\u00e9tition des \u00e9coles de samba | Carnaval de Rio de Janeiro"},"content":{"rendered":"<p>Qui a dit qu&#039;il fallait attendre le Carnaval pour voir le <strong>R\u00e9p\u00e9tition de l&#039;\u00e9cole de samba<\/strong>?<\/p>\n<p style=\"background: white; vertical-align: baseline; margin: 0cm 0cm 21.0pt 0cm;\">Les \u00e9coles de samba commencent leur pr\u00e9paration pour le grand d\u00e9fil\u00e9 du Carnaval plusieurs mois \u00e0 l&#039;avance. Les premi\u00e8res r\u00e9p\u00e9titions de l&#039;\u00e9cole de samba commencent en juillet ou en ao\u00fbt (cela d\u00e9pend de chaque \u00e9cole de samba).<\/p>\n<p>\u00c0 partir de juillet, tous les samedis soirs, en petits groupes, nous visitons la prestigieuse \u00e9cole de samba Salgueiro (l&#039;une des meilleures de Rio de Janeiro) et ce sera un plaisir de vous emmener vivre cette exp\u00e9rience inoubliable.<\/p>\n<p>En fonction de votre h\u00f4tel, nous viendrons vous chercher entre 20h00 ou 21h00.<\/p>\n<p>Dans votre visite, vous trouverez le transport d'une personne et d'un voyage \u00e0 votre h\u00f4pital, dans nos quartiers\u00a0: Centro, Catete, Botafogo, Flamengo, Gl\u00f3ria, Lapa, Copacabana, Leme, Ipanema et Leblon. Nous ne pouvons pas venir nous chercher \u00e0 Barra da Tijuca, S\u00e3o Conrado et Recreio (le point de rencontre sera \u00e0 l'h\u00f4tel Sheraton Leblon) et Santa Teresa (le point de rencontre \u00e0 l'h\u00f4tel Vila Gal\u00e9 \u2013 Centro).<\/p>\n<p>L'apr\u00e8s-midi du jour de votre visite, le guide vous indiquera l'heure exacte \u00e0 laquelle il viendra vous chercher.<\/p>\n<p>A votre arriv\u00e9e \u00e0 la r\u00e9p\u00e9tition de l&#039;\u00e9cole de Samba, votre entr\u00e9e est incluse et une table confortable vous aura \u00e9t\u00e9 r\u00e9serv\u00e9e pour vous et votre groupe.<\/p>\n<p>Cette soir\u00e9e magique d\u00e9butera avec un groupe de musique populaire br\u00e9silienne amusant.<\/p>\n<p>De magnifiques danseurs, des Bahiens, des musiciens talentueux et le couple porte-drapeau vous feront d\u00e9couvrir le monde fascinant de la Samba et du Carnaval de Rio.<\/p>\n<p>Vers 23h30 le point culminant de la soir\u00e9e sera la prestation de la batterie (orchestre de percussions), c\u0153ur de l&#039;\u00e9cole de samba. Soixante instruments de percussion jou\u00e9s simultan\u00e9ment en parfaite harmonie cr\u00e9ent un rythme merveilleux d&#039;une force et d&#039;une joie sans pr\u00e9c\u00e9dent.<\/p>\n<p>Ce rythme est un tr\u00e9sor, un v\u00e9ritable patrimoine culturel d&#039;une valeur inestimable.<\/p>\n<p>\u00c0 13 heures, nous vous ram\u00e8nerons, vous et votre groupe, \u00e0 votre lieu d'h\u00e9bergement.<\/p>\n<p>Dans votre visite, vous trouverez le transport d'une personne et une visite \u00e0 votre h\u00f4pital, un guide de cr\u00e9dit touristique, une entr\u00e9e et une table de partage.<\/p>\n<p>N&#039;inclut pas la nourriture et les boissons.<\/p>\n<p>Sans aucun doute, vous vous souviendrez pour toujours de cette soir\u00e9e !!!<\/p>\n<p>Nous pouvons d\u00e9crire la r\u00e9p\u00e9tition de l&#039;\u00e9cole de samba, mais il n&#039;y a pas de mots pour expliquer l&#039;incroyable \u00e9nergie et le sentiment unique de visiter une \u00e9cole de samba.<\/p>\n<p>La r\u00e9p\u00e9tition de l&#039;\u00e9cole de samba Salgueiro n&#039;est pas seulement un spectacle, c&#039;est une merveilleuse exp\u00e9rience culturelle \u00e0 ne pas manquer lors de votre visite \u00e0 Rio de Janeiro.<\/p>","protected":false},"excerpt":{"rendered":"<p>Qui a dit qu&#039;il fallait attendre le Carnaval pour voir le <strong>R\u00e9p\u00e9tition de l&#039;\u00e9cole de samba<\/strong>?<\/p>\n<p style=\"background: white; vertical-align: baseline; margin: 0cm 0cm 21.0pt 0cm;\">Les \u00e9coles de samba commencent leur pr\u00e9paration pour le grand d\u00e9fil\u00e9 du Carnaval plusieurs mois \u00e0 l&#039;avance. Les premi\u00e8res r\u00e9p\u00e9titions de l&#039;\u00e9cole de samba commencent en juillet ou en ao\u00fbt (cela d\u00e9pend de chaque \u00e9cole de samba).<\/p>\n<p>\u00c0 partir de juillet, tous les samedis soirs, en petits groupes, nous visitons la prestigieuse \u00e9cole de samba Salgueiro (l&#039;une des meilleures de Rio de Janeiro) et ce sera un plaisir de vous emmener vivre cette exp\u00e9rience inoubliable.<\/p>\n<p>En fonction de votre h\u00f4tel, nous viendrons vous chercher entre 20h00 ou 21h00.<\/p>\n<p>Dans votre visite, vous trouverez le transport d'une personne et d'un voyage \u00e0 votre h\u00f4pital, dans nos quartiers\u00a0: Centro, Catete, Botafogo, Flamengo, Gl\u00f3ria, Lapa, Copacabana, Leme, Ipanema et Leblon. Nous ne pouvons pas venir nous chercher \u00e0 Barra da Tijuca, S\u00e3o Conrado et Recreio (le point de rencontre sera \u00e0 l'h\u00f4tel Sheraton Leblon) et Santa Teresa (le point de rencontre \u00e0 l'h\u00f4tel Vila Gal\u00e9 \u2013 Centro).<\/p>\n<p>L'apr\u00e8s-midi du jour de votre visite, le guide vous indiquera l'heure exacte \u00e0 laquelle il viendra vous chercher.<\/p>\n<p>A votre arriv\u00e9e \u00e0 la r\u00e9p\u00e9tition de l&#039;\u00e9cole de Samba, votre entr\u00e9e est incluse et une table confortable vous aura \u00e9t\u00e9 r\u00e9serv\u00e9e pour vous et votre groupe.<\/p>\n<p>Cette soir\u00e9e magique d\u00e9butera avec un groupe de musique populaire br\u00e9silienne amusant.<\/p>\n<p>De magnifiques danseurs, des Bahiens, des musiciens talentueux et le couple porte-drapeau vous feront d\u00e9couvrir le monde fascinant de la Samba et du Carnaval de Rio.<\/p>\n<p>Vers 23h30 le point culminant de la soir\u00e9e sera la prestation de la batterie (orchestre de percussions), c\u0153ur de l&#039;\u00e9cole de samba. Soixante instruments de percussion jou\u00e9s simultan\u00e9ment en parfaite harmonie cr\u00e9ent un rythme merveilleux d&#039;une force et d&#039;une joie sans pr\u00e9c\u00e9dent.<\/p>\n<p>Ce rythme est un tr\u00e9sor, un v\u00e9ritable patrimoine culturel d&#039;une valeur inestimable.<\/p>\n<p>\u00c0 13 heures, nous vous ram\u00e8nerons, vous et votre groupe, \u00e0 votre lieu d'h\u00e9bergement.<\/p>\n<p>Dans votre visite, vous trouverez le transport d'une personne et une visite \u00e0 votre h\u00f4pital, un guide de cr\u00e9dit touristique, une entr\u00e9e et une table de partage.<\/p>\n<p>N&#039;inclut pas la nourriture et les boissons.<\/p>\n<p>Sans aucun doute, vous vous souviendrez pour toujours de cette soir\u00e9e !!!<\/p>\n<p>Nous pouvons d\u00e9crire la r\u00e9p\u00e9tition de l&#039;\u00e9cole de samba, mais il n&#039;y a pas de mots pour expliquer l&#039;incroyable \u00e9nergie et le sentiment unique de visiter une \u00e9cole de samba.<\/p>\n<p>La r\u00e9p\u00e9tition de l&#039;\u00e9cole de samba Salgueiro n&#039;est pas seulement un spectacle, c&#039;est une merveilleuse exp\u00e9rience culturelle \u00e0 ne pas manquer lors de votre visite \u00e0 Rio de Janeiro.<\/p>","protected":false},"featured_media":11173,"template":"","meta":{"site-sidebar-layout":"default","site-content-layout":"default","ast-site-content-layout":"default","site-content-style":"default","site-sidebar-style":"default","ast-global-header-display":"","ast-banner-title-visibility":"","ast-main-header-display":"","ast-hfb-above-header-display":"","ast-hfb-below-header-display":"","ast-hfb-mobile-header-display":"","site-post-title":"","ast-breadcrumbs-content":"","ast-featured-img":"","footer-sml-layout":"","ast-disable-related-posts":"","theme-transparent-header-meta":"default","adv-header-id-meta":"","stick-header-meta":"default","header-above-stick-meta":"","header-main-stick-meta":"","header-below-stick-meta":"","astra-migrate-meta-layouts":"set","ast-page-background-enabled":"default","ast-page-background-meta":{"desktop":{"background-color":"","background-image":"","background-repeat":"repeat","background-position":"center center","background-size":"auto","background-attachment":"scroll","background-type":"","background-media":"","overlay-type":"","overlay-color":"","overlay-opacity":"","overlay-gradient":""},"tablet":{"background-color":"","background-image":"","background-repeat":"repeat","background-position":"center center","background-size":"auto","background-attachment":"scroll","background-type":"","background-media":"","overlay-type":"","overlay-color":"","overlay-opacity":"","overlay-gradient":""},"mobile":{"background-color":"","background-image":"","background-repeat":"repeat","background-position":"center center","background-size":"auto","background-attachment":"scroll","background-type":"","background-media":"","overlay-type":"","overlay-color":"","overlay-opacity":"","overlay-gradient":""}},"ast-content-background-meta":{"desktop":{"background-color":"var(--ast-global-color-5)","background-image":"","background-repeat":"repeat","background-position":"center center","background-size":"auto","background-attachment":"scroll","background-type":"","background-media":"","overlay-type":"","overlay-color":"","overlay-opacity":"","overlay-gradient":""},"tablet":{"background-color":"var(--ast-global-color-5)","background-image":"","background-repeat":"repeat","background-position":"center center","background-size":"auto","background-attachment":"scroll","background-type":"","background-media":"","overlay-type":"","overlay-color":"","overlay-opacity":"","overlay-gradient":""},"mobile":{"background-color":"var(--ast-global-color-5)","background-image":"","background-repeat":"repeat","background-position":"center center","background-size":"auto","background-attachment":"scroll","background-type":"","background-media":"","overlay-type":"","overlay-color":"","overlay-opacity":"","overlay-gradient":""}}},"product_brand":[],"product_cat":[360],"product_tag":[],"class_list":{"0":"post-6116","1":"product","2":"type-product","3":"status-publish","4":"has-post-thumbnail","6":"product_cat-ensaio","7":"desktop-align-left","8":"tablet-align-left","9":"mobile-align-left","10":"tm-has-options","12":"first","13":"instock","14":"featured","15":"virtual","16":"purchasable","17":"product-type-simple"},"_links":{"self":[{"href":"https:\/\/riocarnavaltickets.com\/fr\/wp-json\/wp\/v2\/product\/6116","targetHints":{"allow":["GET"]}}],"collection":[{"href":"https:\/\/riocarnavaltickets.com\/fr\/wp-json\/wp\/v2\/product"}],"about":[{"href":"https:\/\/riocarnavaltickets.com\/fr\/wp-json\/wp\/v2\/types\/product"}],"wp:featuredmedia":[{"embeddable":true,"href":"https:\/\/riocarnavaltickets.com\/fr\/wp-json\/wp\/v2\/media\/11173"}],"wp:attachment":[{"href":"https:\/\/riocarnavaltickets.com\/fr\/wp-json\/wp\/v2\/media?parent=6116"}],"wp:term":[{"taxonomy":"product_brand","embeddable":true,"href":"https:\/\/riocarnavaltickets.com\/fr\/wp-json\/wp\/v2\/product_brand?post=6116"},{"taxonomy":"product_cat","embeddable":true,"href":"https:\/\/riocarnavaltickets.com\/fr\/wp-json\/wp\/v2\/product_cat?post=6116"},{"taxonomy":"product_tag","embeddable":true,"href":"https:\/\/riocarnavaltickets.com\/fr\/wp-json\/wp\/v2\/product_tag?post=6116"}],"curies":[{"name":"wp","href":"https:\/\/api.w.org\/{rel}","templated":true}]}}