{"id":60419,"date":"2020-04-09T08:40:21","date_gmt":"2020-04-09T11:40:21","guid":{"rendered":"https:\/\/riocarnavaltickets.com\/?post_type=product&#038;p=60419"},"modified":"2024-11-14T19:14:32","modified_gmt":"2024-11-14T22:14:32","slug":"camarotes","status":"publish","type":"product","link":"https:\/\/riocarnavaltickets.com\/pt\/produto\/camarotes\/","title":{"rendered":"Camarotes"},"content":{"rendered":"\t\t<div data-elementor-type=\"product-post\" data-elementor-id=\"60419\" class=\"elementor elementor-60419\" data-elementor-post-type=\"product\">\n\t\t\t\t\t\t<section class=\"elementor-section elementor-top-section elementor-element elementor-element-44de1d60 elementor-section-boxed elementor-section-height-default elementor-section-height-default\" data-id=\"44de1d60\" data-element_type=\"section\" data-e-type=\"section\">\n\t\t\t\t\t\t<div class=\"elementor-container elementor-column-gap-default\">\n\t\t\t\t\t<div class=\"elementor-column elementor-col-100 elementor-top-column elementor-element elementor-element-3cab125a\" data-id=\"3cab125a\" data-element_type=\"column\" data-e-type=\"column\">\n\t\t\t<div class=\"elementor-widget-wrap elementor-element-populated\">\n\t\t\t\t\t\t<div class=\"elementor-element elementor-element-66a48b1c elementor-widget elementor-widget-text-editor\" data-id=\"66a48b1c\" data-element_type=\"widget\" data-e-type=\"widget\" data-widget_type=\"text-editor.default\">\n\t\t\t\t<div class=\"elementor-widget-container\">\n\t\t\t\t\t\t\t\t\t<p><span data-contrast=\"auto\">O\u00a0<\/span><span data-contrast=\"auto\">S<\/span><span data-contrast=\"auto\">amb\u00f3dromo \u00e9 dividido em 12 setores, come\u00e7ando do setor 2 at\u00e9 o 13<\/span><span data-contrast=\"auto\">. T<\/span><span data-contrast=\"auto\">odos com vis\u00f5es a\u00e9reas dos desfiles<\/span><span data-contrast=\"auto\">,<\/span><span data-contrast=\"auto\">\u00a0mas cada um com\u00a0<\/span><span data-contrast=\"auto\">algum diferencial entre eles.<\/span><span data-ccp-props=\"{\">\u00a0<\/span><\/p><p><span data-contrast=\"auto\">Nos setores de 2 a 5<\/span><span data-contrast=\"auto\">,<\/span><span data-contrast=\"auto\">\u00a0voc\u00ea ter\u00e1 uma incr\u00edvel vis\u00e3o do aquecimento, ver\u00e1 um pouco do\u00a0<\/span><span data-contrast=\"auto\">backstage de cada escola, ser\u00e1 um dos primeiros a ver o inicio do desfile\u00a0<\/span><span data-contrast=\"auto\">e por ser um lugar no come\u00e7o da\u00a0<\/span><span data-contrast=\"auto\">A<\/span><span data-contrast=\"auto\">venida, o tempo de intervalo entre as escola ser\u00e1 menor.<\/span><span data-ccp-props=\"{\">\u00a0<\/span><\/p><p><span data-contrast=\"auto\">Nos setores 6,<\/span><span data-contrast=\"auto\">\u00a0<\/span><span data-contrast=\"auto\">7,<\/span><span data-contrast=\"auto\">\u00a0<\/span><span data-contrast=\"auto\">8 e 9 voc\u00ea estar\u00e1 localizado no centro da\u00a0<\/span><span data-contrast=\"auto\">A<\/span><span data-contrast=\"auto\">venida, dando assim uma incr\u00edvel e completa vis\u00e3o de todo o desfile<\/span><span data-contrast=\"auto\">.<\/span><span data-contrast=\"auto\">\u00a0<\/span><span data-contrast=\"auto\">Ir\u00e1\u00a0<\/span><span data-contrast=\"auto\">ver detalhadamente inicio, meio e fim de cada uma delas. As escolas j\u00e1 estar<\/span><span data-contrast=\"auto\">\u00e3o<\/span><span data-contrast=\"auto\">\u00a0bem formadas na\u00a0<\/span><span data-contrast=\"auto\">A<\/span><span data-contrast=\"auto\">venida e voc\u00ea estar\u00e1 pr\u00f3ximo dos jurados.\u00a0<\/span><span data-ccp-props=\"{\">\u00a0<\/span><\/p><p><b><span data-contrast=\"auto\">O setor 9 \u00e9 o \u00fanico setor das arquibancadas com a op\u00e7\u00e3o de lugares numerados, proporcionando a<\/span><span data-contrast=\"auto\">inda<\/span><span data-contrast=\"auto\">\u00a0<\/span><span data-contrast=\"auto\">mais imers\u00e3o na sua<\/span><span data-contrast=\"auto\">\u00a0experiencia. Al\u00e9m de ser do lado do recuo da bateria (lugar em que a bateria de cada\u00a0 escola se direciona\u00a0<\/span><span data-contrast=\"auto\">no final de cada apresenta\u00e7\u00e3o<\/span><span data-contrast=\"auto\">) proporcionando assim a oportunidade \u00fanica e emocionante de ouvir de pertinho o samba das escolas.<\/span><span data-ccp-props=\"{\">\u00a0<\/span><\/b><\/p><p><span data-contrast=\"auto\">Nos setores 10 e 11, mesmo n\u00e3o sendo os\u00a0<\/span><span data-contrast=\"auto\">locais<\/span><span data-contrast=\"auto\">\u00a0mais centralizados na\u00a0<\/span><span data-contrast=\"auto\">A<\/span><span data-contrast=\"auto\">venida, ainda sim proporcionam uma vis\u00e3o ampla e incr\u00edvel do desfile.<\/span><span data-contrast=\"auto\">\u00a0<\/span><span data-contrast=\"auto\">No setor 11<\/span><span data-contrast=\"auto\">,<\/span><span data-contrast=\"auto\">\u00a0que \u00e9 ao lado do setor 9, sendo assim semelhantes, tamb\u00e9m proporciona a experiencia de estar ao lado da bateri<\/span><span data-contrast=\"auto\">a<\/span><span data-contrast=\"auto\">, mas sem a op\u00e7\u00e3o de lugar\u00a0<\/span><span data-contrast=\"auto\">com identifica\u00e7\u00e3o.<\/span><span data-ccp-props=\"{\">\u00a0<\/span><\/p><p><span data-contrast=\"auto\">N<\/span><span data-contrast=\"auto\">os s<\/span><span data-contrast=\"auto\">etores 12 e 13<\/span><span data-contrast=\"auto\">,<\/span><span data-contrast=\"auto\">\u00a0s\u00e3o\u00a0<\/span><span data-contrast=\"auto\">os lugares<\/span><span data-contrast=\"auto\">\u00a0no final da\u00a0<\/span><span data-contrast=\"auto\">A<\/span><span data-contrast=\"auto\">venida<\/span><span data-contrast=\"auto\">,<\/span><span data-contrast=\"auto\">\u00a0sendo assim\u00a0<\/span><span data-contrast=\"auto\">as<\/span><span data-contrast=\"auto\">\u00a0<\/span><span data-contrast=\"auto\">localiza\u00e7\u00f5es\u00a0<\/span><span data-contrast=\"auto\">mais afastados e que proporcionam uma vis\u00e3o boa do desfile<\/span><span data-contrast=\"auto\">,<\/span><span data-contrast=\"auto\">\u00a0mas n\u00e3o t\u00e3o excelente quanto os outros setores<\/span><span data-contrast=\"auto\">\u00a0(6, 7, 8, 9, 10 e 11)<\/span><span data-contrast=\"auto\">. Mas n\u00e3o um setor menos importante<\/span><span data-contrast=\"auto\">,<\/span><span data-contrast=\"auto\">\u00a0pois ele permite a incr\u00edvel vis\u00e3o dos minutos finais do desfile em que todos os integrantes das escolas tem que chegar antes d<\/span><span data-contrast=\"auto\">o<\/span><span data-contrast=\"auto\">\u00a0<\/span><span data-contrast=\"auto\">tempo determinado. O setor oferece a imers\u00e3o de chegada de cada escola.<\/span><span data-ccp-props=\"{\">\u00a0<\/span><\/p><p><span data-contrast=\"none\">Lembrando que somente o setor 9 tem lugares numerados. Todos os outros setores das arquibancadas n\u00e3o\u00a0<\/span><span data-contrast=\"none\">possuem demarca\u00e7\u00e3o,<\/span><span data-contrast=\"none\">\u00a0ent\u00e3o<\/span><span data-contrast=\"none\">,<\/span><span data-contrast=\"none\">\u00a0para garantir o assento de sua prefer\u00eancia<\/span><span data-contrast=\"none\">,<\/span><span data-contrast=\"none\">\u00a0\u00e9 recomend\u00e1vel chegar com anteced\u00eancia.<\/span><\/p>\t\t\t\t\t\t\t\t<\/div>\n\t\t\t\t<\/div>\n\t\t\t\t\t<\/div>\n\t\t<\/div>\n\t\t\t\t\t<\/div>\n\t\t<\/section>\n\t\t\t\t<\/div>\n\t\t","protected":false},"excerpt":{"rendered":"<h4 style=\"text-align: center;\"><strong>Camarotes Hospitality<\/strong><\/h4>\n<p>&nbsp;<\/p>\n<h6 style=\"text-align: center;\">Desfrute do Desfile das Escolas de Samba do Rio em grande estilo!<br \/>\nOs Camarotes s\u00e3o nossos ingressos VIP, oferecem uma experi\u00eancia \u00fanica, assistir ao desfile e curtir uma festa incr\u00edvel simultaneamente.<\/h6>\n<p>&nbsp;<\/p>\n<h6 style=\"text-align: center;\">Excelente localiza\u00e7\u00e3o<\/h6>\n<h6 style=\"text-align: center;\">Open bar com bebidas premium<\/h6>\n<h6 style=\"text-align: center;\">Open Food Buffet<\/h6>\n<h6 style=\"text-align: center;\">Translado de ida e volta do ponto de encontro.<\/h6>\n<h6 style=\"text-align: center;\">Espa\u00e7o com ar condicionado<\/h6>\n<h6 style=\"text-align: center;\">Lounge espa\u00e7o ao ar livre, no mesmo n\u00edvel dos desfiles.\u00a0 Voc\u00ea assistir\u00e1 cada detalhe do desfile, bem de pertinho.<\/h6>\n<h6 style=\"text-align: center;\">Camiseta do evento<\/h6>\n<h6 style=\"text-align: center;\">DJs e shows ao vivo no intervalo dos desfiles<\/h6>\n<p style=\"text-align: center;\">\n","protected":false},"featured_media":63509,"template":"","meta":{"site-sidebar-layout":"default","site-content-layout":"boxed-container","ast-site-content-layout":"normal-width-container","site-content-style":"boxed","site-sidebar-style":"boxed","ast-global-header-display":"","ast-banner-title-visibility":"","ast-main-header-display":"","ast-hfb-above-header-display":"","ast-hfb-below-header-display":"","ast-hfb-mobile-header-display":"","site-post-title":"","ast-breadcrumbs-content":"","ast-featured-img":"","footer-sml-layout":"","ast-disable-related-posts":"","theme-transparent-header-meta":"default","adv-header-id-meta":"","stick-header-meta":"default","header-above-stick-meta":"","header-main-stick-meta":"","header-below-stick-meta":"","astra-migrate-meta-layouts":"set","ast-page-background-enabled":"default","ast-page-background-meta":{"desktop":{"background-color":"","background-image":"","background-repeat":"repeat","background-position":"center center","background-size":"auto","background-attachment":"scroll","background-type":"","background-media":"","overlay-type":"","overlay-color":"","overlay-opacity":"","overlay-gradient":""},"tablet":{"background-color":"","background-image":"","background-repeat":"repeat","background-position":"center center","background-size":"auto","background-attachment":"scroll","background-type":"","background-media":"","overlay-type":"","overlay-color":"","overlay-opacity":"","overlay-gradient":""},"mobile":{"background-color":"","background-image":"","background-repeat":"repeat","background-position":"center center","background-size":"auto","background-attachment":"scroll","background-type":"","background-media":"","overlay-type":"","overlay-color":"","overlay-opacity":"","overlay-gradient":""}},"ast-content-background-meta":{"desktop":{"background-color":"var(--ast-global-color-5)","background-image":"","background-repeat":"repeat","background-position":"center center","background-size":"auto","background-attachment":"scroll","background-type":"","background-media":"","overlay-type":"","overlay-color":"","overlay-opacity":"","overlay-gradient":""},"tablet":{"background-color":"var(--ast-global-color-5)","background-image":"","background-repeat":"repeat","background-position":"center center","background-size":"auto","background-attachment":"scroll","background-type":"","background-media":"","overlay-type":"","overlay-color":"","overlay-opacity":"","overlay-gradient":""},"mobile":{"background-color":"var(--ast-global-color-5)","background-image":"","background-repeat":"repeat","background-position":"center center","background-size":"auto","background-attachment":"scroll","background-type":"","background-media":"","overlay-type":"","overlay-color":"","overlay-opacity":"","overlay-gradient":""}}},"product_brand":[],"product_cat":[603],"product_tag":[],"class_list":{"0":"post-60419","1":"product","2":"type-product","3":"status-publish","4":"has-post-thumbnail","6":"product_cat-camarotes","7":"product_shipping_class-especial","8":"pa_camarotes-bateria-nota-10-setor-10","9":"pa_camarotes-camarote-allegria-setor-11","10":"pa_camarotes-camarote-arpoador-setor-3","11":"pa_camarotes-camarote-mar-setor-6","12":"pa_camarotes-camarote-portela-setor-3","13":"pa_camarotes-camarote-rio-praia-setor-8","14":"pa_camarotes-exxperience-setor-7","15":"pa_camarotes-folia-tropical-setor-6","16":"pa_camarotes-kasa-carioca-salgueiro-setor-4","17":"pa_camarotes-nosso-camarote-setor-10","18":"pa_camarotes-super-folia-setor-6","19":"desktop-align-left","20":"tablet-align-left","21":"mobile-align-left","22":"tm-no-options","24":"first","25":"outofstock","26":"shipping-taxable","27":"product-type-variable"},"_links":{"self":[{"href":"https:\/\/riocarnavaltickets.com\/pt\/wp-json\/wp\/v2\/product\/60419","targetHints":{"allow":["GET"]}}],"collection":[{"href":"https:\/\/riocarnavaltickets.com\/pt\/wp-json\/wp\/v2\/product"}],"about":[{"href":"https:\/\/riocarnavaltickets.com\/pt\/wp-json\/wp\/v2\/types\/product"}],"wp:featuredmedia":[{"embeddable":true,"href":"https:\/\/riocarnavaltickets.com\/pt\/wp-json\/wp\/v2\/media\/63509"}],"wp:attachment":[{"href":"https:\/\/riocarnavaltickets.com\/pt\/wp-json\/wp\/v2\/media?parent=60419"}],"wp:term":[{"taxonomy":"product_brand","embeddable":true,"href":"https:\/\/riocarnavaltickets.com\/pt\/wp-json\/wp\/v2\/product_brand?post=60419"},{"taxonomy":"product_cat","embeddable":true,"href":"https:\/\/riocarnavaltickets.com\/pt\/wp-json\/wp\/v2\/product_cat?post=60419"},{"taxonomy":"product_tag","embeddable":true,"href":"https:\/\/riocarnavaltickets.com\/pt\/wp-json\/wp\/v2\/product_tag?post=60419"}],"curies":[{"name":"wp","href":"https:\/\/api.w.org\/{rel}","templated":true}]}}