{"id":6116,"date":"2016-01-15T11:21:11","date_gmt":"2016-01-15T14:21:11","guid":{"rendered":"https:\/\/riocarnavaltickets.com\/?post_type=product&#038;p=6116"},"modified":"2026-03-03T18:01:46","modified_gmt":"2026-03-03T21:01:46","slug":"ensaio-das-escolas-de-samba","status":"publish","type":"product","link":"https:\/\/riocarnavaltickets.com\/pt\/produto\/ensaio-das-escolas-de-samba\/","title":{"rendered":"Ensaio das Escolas de Samba | Carnaval Rio de Janeiro"},"content":{"rendered":"<p>Quem disse que voc\u00ea deve esperar at\u00e9 o Carnaval para ver o <strong>Ensaio das Escolas de Samba<\/strong>?<\/p>\n<p style=\"background: white; vertical-align: baseline; margin: 0cm 0cm 21.0pt 0cm;\">As Escolas de Samba come\u00e7am sua prepara\u00e7\u00e3o para o grande desfile de Carnaval v\u00e1rios meses antes. Os primeiros ensaios das escolas de samba come\u00e7am em julho ou agosto (isso depende de cada escola de samba).<\/p>\n<p>A partir de julho, todos os s\u00e1bados \u00e0 noite, em pequenos grupos, visitamos a prestigiada Escola de Samba Salgueiro (uma das melhores do Rio de Janeiro) e ser\u00e1 um prazer lev\u00e1-lo a esta experi\u00eancia inesquec\u00edvel.<\/p>\n<p>Dependendo do seu hotel, vamos busc\u00e1-lo entre as 20:00 ou 21:00.<\/p>\n<p>Em seu tour est\u00e1 inclu\u00eddo o transporte ida e volta a sua hospedagem, nos bairros: Centro, Catete, Botafogo, Flamengo, Gl\u00f3ria, Lapa, Copacabana, Leme, Ipanema e Leblon. N\u00e3o fazemos pick up na Barra da Tijuca, S\u00e3o Conrado e Recreio (ponto de encontro ser\u00e1 no Hotel Sheraton Leblon) e Santa Teresa (ponto de encontro no hotel Vila Gal\u00e9 &#8211; Centro).<\/p>\n<p>Na tarde do dia de seu passeio, o guia de turismo informar\u00e1 exatamente o hor\u00e1rio que ir\u00e1 busc\u00e1-lo.<\/p>\n<p>Ao chegar no Ensaio da Escola de Samba, sua entrada est\u00e1 inclu\u00edda e uma mesa confort\u00e1vel ter\u00e1 sido reservada para voc\u00ea e seu grupo.<\/p>\n<p>Esta noite m\u00e1gica come\u00e7ar\u00e1 com uma divertida Banda de M\u00fasica Popular Brasileira.<\/p>\n<p>Belos passistas, baianas, m\u00fasicos talentosos e o casal de porta-bandeiras o introduzir\u00e3o no fascinante mundo do Samba e do Carnaval Carioca.<\/p>\n<p>Por volta das 23:30 ser\u00e1 o destaque da noite, a apresenta\u00e7\u00e3o da bateria (orquestra de percuss\u00e3o), o cora\u00e7\u00e3o da escola de samba. Sessenta instrumentos de percuss\u00e3o tocados simultaneamente em perfeita harmonia, criam um maravilhoso ritmo de for\u00e7a e alegria inigual\u00e1veis.<\/p>\n<p>Este ritmo \u00e9 um tesouro, um verdadeiro patrim\u00f4nio cultural de valor inestim\u00e1vel.<\/p>\n<p>No hor\u00e1rio de 1:00h levaremos voc\u00ea e seu grupo de volta a hospedagem.<\/p>\n<p>Em seu tour est\u00e1 inclu\u00eddo o transporte ida e volta a sua hospedagem, guia de turismo credenciado, ingresso de entrada e mesa compartilhada.<\/p>\n<p>N\u00e3o inclui comidas e bebidas.<\/p>\n<p>Sem d\u00favidas, voc\u00ea vai lembrar desta noite para sempre!!!<\/p>\n<p>Podemos descrever o ensaio das escolas de samba, mas n\u00e3o h\u00e1 palavras para explicar a energia incr\u00edvel e a sensa\u00e7\u00e3o \u00fanica de visitar uma escola de samba.<\/p>\n<p>O ensaio da escola de samba Salgueiro n\u00e3o \u00e9 apenas um espet\u00e1culo, \u00e9 uma viv\u00eancia cultural maravilhosa que voc\u00ea n\u00e3o pode perder em sua visita ao Rio de Janeiro.<\/p>\n","protected":false},"excerpt":{"rendered":"<p>Quem disse que voc\u00ea deve esperar at\u00e9 o Carnaval para ver o <strong>Ensaio das Escolas de Samba<\/strong>?<\/p>\n<p style=\"background: white; vertical-align: baseline; margin: 0cm 0cm 21.0pt 0cm;\">As Escolas de Samba come\u00e7am sua prepara\u00e7\u00e3o para o grande desfile de Carnaval v\u00e1rios meses antes. Os primeiros ensaios das escolas de samba come\u00e7am em julho ou agosto (isso depende de cada escola de samba).<\/p>\n<p>A partir de julho, todos os s\u00e1bados \u00e0 noite, em pequenos grupos, visitamos a prestigiada Escola de Samba Salgueiro (uma das melhores do Rio de Janeiro) e ser\u00e1 um prazer lev\u00e1-lo a esta experi\u00eancia inesquec\u00edvel.<\/p>\n<p>Dependendo do seu hotel, vamos busc\u00e1-lo entre as 20:00 ou 21:00.<\/p>\n<p>Em seu tour est\u00e1 inclu\u00eddo o transporte ida e volta a sua hospedagem, nos bairros: Centro, Catete, Botafogo, Flamengo, Gl\u00f3ria, Lapa, Copacabana, Leme, Ipanema e Leblon. N\u00e3o fazemos pick up na Barra da Tijuca, S\u00e3o Conrado e Recreio (ponto de encontro ser\u00e1 no Hotel Sheraton Leblon) e Santa Teresa (ponto de encontro no hotel Vila Gal\u00e9 &#8211; Centro).<\/p>\n<p>Na tarde do dia de seu passeio, o guia de turismo informar\u00e1 exatamente o hor\u00e1rio que ir\u00e1 busc\u00e1-lo.<\/p>\n<p>Ao chegar no Ensaio da Escola de Samba, sua entrada est\u00e1 inclu\u00edda e uma mesa confort\u00e1vel ter\u00e1 sido reservada para voc\u00ea e seu grupo.<\/p>\n<p>Esta noite m\u00e1gica come\u00e7ar\u00e1 com uma divertida Banda de M\u00fasica Popular Brasileira.<\/p>\n<p>Belos passistas, baianas, m\u00fasicos talentosos e o casal de porta-bandeiras o introduzir\u00e3o no fascinante mundo do Samba e do Carnaval Carioca.<\/p>\n<p>Por volta das 23:30 ser\u00e1 o destaque da noite, a apresenta\u00e7\u00e3o da bateria (orquestra de percuss\u00e3o), o cora\u00e7\u00e3o da escola de samba. Sessenta instrumentos de percuss\u00e3o tocados simultaneamente em perfeita harmonia, criam um maravilhoso ritmo de for\u00e7a e alegria inigual\u00e1veis.<\/p>\n<p>Este ritmo \u00e9 um tesouro, um verdadeiro patrim\u00f4nio cultural de valor inestim\u00e1vel.<\/p>\n<p>No hor\u00e1rio de 1:00h levaremos voc\u00ea e seu grupo de volta a hospedagem.<\/p>\n<p>Em seu tour est\u00e1 inclu\u00eddo o transporte ida e volta a sua hospedagem, guia de turismo credenciado, ingresso de entrada e mesa compartilhada.<\/p>\n<p>N\u00e3o inclui comidas e bebidas.<\/p>\n<p>Sem d\u00favidas, voc\u00ea vai lembrar desta noite para sempre!!!<\/p>\n<p>Podemos descrever o ensaio das escolas de samba, mas n\u00e3o h\u00e1 palavras para explicar a energia incr\u00edvel e a sensa\u00e7\u00e3o \u00fanica de visitar uma escola de samba.<\/p>\n<p>O ensaio da escola de samba Salgueiro n\u00e3o \u00e9 apenas um espet\u00e1culo, \u00e9 uma viv\u00eancia cultural maravilhosa que voc\u00ea n\u00e3o pode perder em sua visita ao Rio de Janeiro.<\/p>\n","protected":false},"featured_media":11173,"template":"","meta":{"site-sidebar-layout":"default","site-content-layout":"default","ast-site-content-layout":"default","site-content-style":"default","site-sidebar-style":"default","ast-global-header-display":"","ast-banner-title-visibility":"","ast-main-header-display":"","ast-hfb-above-header-display":"","ast-hfb-below-header-display":"","ast-hfb-mobile-header-display":"","site-post-title":"","ast-breadcrumbs-content":"","ast-featured-img":"","footer-sml-layout":"","ast-disable-related-posts":"","theme-transparent-header-meta":"default","adv-header-id-meta":"","stick-header-meta":"default","header-above-stick-meta":"","header-main-stick-meta":"","header-below-stick-meta":"","astra-migrate-meta-layouts":"set","ast-page-background-enabled":"default","ast-page-background-meta":{"desktop":{"background-color":"","background-image":"","background-repeat":"repeat","background-position":"center center","background-size":"auto","background-attachment":"scroll","background-type":"","background-media":"","overlay-type":"","overlay-color":"","overlay-opacity":"","overlay-gradient":""},"tablet":{"background-color":"","background-image":"","background-repeat":"repeat","background-position":"center center","background-size":"auto","background-attachment":"scroll","background-type":"","background-media":"","overlay-type":"","overlay-color":"","overlay-opacity":"","overlay-gradient":""},"mobile":{"background-color":"","background-image":"","background-repeat":"repeat","background-position":"center center","background-size":"auto","background-attachment":"scroll","background-type":"","background-media":"","overlay-type":"","overlay-color":"","overlay-opacity":"","overlay-gradient":""}},"ast-content-background-meta":{"desktop":{"background-color":"var(--ast-global-color-5)","background-image":"","background-repeat":"repeat","background-position":"center center","background-size":"auto","background-attachment":"scroll","background-type":"","background-media":"","overlay-type":"","overlay-color":"","overlay-opacity":"","overlay-gradient":""},"tablet":{"background-color":"var(--ast-global-color-5)","background-image":"","background-repeat":"repeat","background-position":"center center","background-size":"auto","background-attachment":"scroll","background-type":"","background-media":"","overlay-type":"","overlay-color":"","overlay-opacity":"","overlay-gradient":""},"mobile":{"background-color":"var(--ast-global-color-5)","background-image":"","background-repeat":"repeat","background-position":"center center","background-size":"auto","background-attachment":"scroll","background-type":"","background-media":"","overlay-type":"","overlay-color":"","overlay-opacity":"","overlay-gradient":""}}},"product_brand":[],"product_cat":[360],"product_tag":[],"class_list":{"0":"post-6116","1":"product","2":"type-product","3":"status-publish","4":"has-post-thumbnail","6":"product_cat-ensaio","7":"desktop-align-left","8":"tablet-align-left","9":"mobile-align-left","10":"tm-has-options","12":"first","13":"instock","14":"featured","15":"virtual","16":"purchasable","17":"product-type-simple"},"_links":{"self":[{"href":"https:\/\/riocarnavaltickets.com\/pt\/wp-json\/wp\/v2\/product\/6116","targetHints":{"allow":["GET"]}}],"collection":[{"href":"https:\/\/riocarnavaltickets.com\/pt\/wp-json\/wp\/v2\/product"}],"about":[{"href":"https:\/\/riocarnavaltickets.com\/pt\/wp-json\/wp\/v2\/types\/product"}],"wp:featuredmedia":[{"embeddable":true,"href":"https:\/\/riocarnavaltickets.com\/pt\/wp-json\/wp\/v2\/media\/11173"}],"wp:attachment":[{"href":"https:\/\/riocarnavaltickets.com\/pt\/wp-json\/wp\/v2\/media?parent=6116"}],"wp:term":[{"taxonomy":"product_brand","embeddable":true,"href":"https:\/\/riocarnavaltickets.com\/pt\/wp-json\/wp\/v2\/product_brand?post=6116"},{"taxonomy":"product_cat","embeddable":true,"href":"https:\/\/riocarnavaltickets.com\/pt\/wp-json\/wp\/v2\/product_cat?post=6116"},{"taxonomy":"product_tag","embeddable":true,"href":"https:\/\/riocarnavaltickets.com\/pt\/wp-json\/wp\/v2\/product_tag?post=6116"}],"curies":[{"name":"wp","href":"https:\/\/api.w.org\/{rel}","templated":true}]}}