{"id":68911,"date":"2020-01-16T22:20:46","date_gmt":"2020-01-17T01:20:46","guid":{"rendered":"https:\/\/riocarnavaltickets.com\/?post_type=product&#038;p=68911"},"modified":"2025-11-07T11:32:00","modified_gmt":"2025-11-07T14:32:00","slug":"camarote-mar-setor-6","status":"publish","type":"product","link":"https:\/\/riocarnavaltickets.com\/pt\/produto\/camarote-mar-setor-6\/","title":{"rendered":"Camarote Mar \u2013  utilizando cupom \u201cRCT2025\u201d e ganhe 3% BRL de desconto!"},"content":{"rendered":"","protected":false},"excerpt":{"rendered":"<h4 style=\"text-align: center\"><strong>Camarote Mar &#8211; Setor 6<\/strong><\/h4>\n<p>&nbsp;<\/p>\n<p>Desfrute do Desfile das Escolas de Samba do Rio em grande estilo!<\/p>\n<p>Os Camarotes s\u00e3o nossos ingressos VIP, oferecem uma experi\u00eancia \u00fanica, assistir ao desfile e curtir uma festa incr\u00edvel simultaneamente.<\/p>\n<p><strong>Camarote Mar &#8211; Setor 6<\/strong><\/p>\n<ul>\n<li>Melhor localiza\u00e7\u00e3o do Samb\u00f3dromo. (Localizado no setor 6, cora\u00e7\u00e3o da avenida, ter\u00e1 uma vis\u00e3o completa do show)<\/li>\n<li>DJs e shows ao vivo no intervalo dos desfiles<\/li>\n<li>Open bar com bebidas premium (vodka, caipivodka, champanhe, caipirinha, energ\u00e9ticos, \u00e1gua, refrigerante e cerveja)<\/li>\n<li>Buffet de jantar de culin\u00e1ria internacional (petiscos, jantar, sobremesas e caf\u00e9 da manh\u00e3)<\/li>\n<li>Espa\u00e7o com ar condicionado<\/li>\n<li><strong>Acesso as Lounge<\/strong>: Espa\u00e7o ao ar livre, no mesmo n\u00edvel dos desfiles.\u00a0 Voc\u00ea assistir\u00e1 cada detalhe do desfile, bem de pertinho.<\/li>\n<li>Camiseta do evento<\/li>\n<\/ul>\n<p>S\u00e3o mais de 2500m2 com climatiza\u00e7\u00e3o planejada e um sistema ac\u00fastico que \u00e9 refer\u00eancia do carnaval carioca para que voc\u00ea possa aproveitar com muito conforto cada um dos nossos ambientes. Seja curtindo o show daquela atra\u00e7\u00e3o que voc\u00ea ama ou apreciando os desfiles, voc\u00ea ter\u00e1 qualquer interfer\u00eancia sonora que atrapalhe a sua divers\u00e3o.<\/p>\n<p>Acesso Lounge: Espa\u00e7o ao ar livre, no mesmo n\u00edvel dos desfiles.\u00a0 Voc\u00ea assistir\u00e1 cada detalhe do desfile, bem de pertinho.<\/p>\n<p>Transfer In &amp; Out: O meeting point \u00e9 no Sal\u00e3o Nobre do AABB (Associa\u00e7\u00e3o Atl\u00e9tica Banco do Brasil), na Lagoa Rodrigo de Freitas. L\u00e1, voc\u00ea far\u00e1 a retirada da sua credencial para o Camarote MAR, juntamente com sua camisa oficial de 2024!<\/p>\n<p>Local: Clube AABB &#8211; Lagoa &#8211; Sal\u00e3o Nobre.\u00a0 Av. Borges de Medeiros, 829 \u2013 Leblon.<\/p>\n<p>Open Food Premium: Buffet de jantar de culin\u00e1ria internacional, com op\u00e7\u00f5es diversas e fartas para voc\u00ea saborear a noite inteira.<\/p>\n<p>Open Bar: Brinde \u00e0 vontade com as marcas mais tradicionais do mercado a alegria contagiante de uma das mais importantes manifesta\u00e7\u00f5es culturais do mundo.<\/p>\n<p>&nbsp;<\/p>\n<p>Localiza\u00e7\u00e3o privilegiada: Localizado no setor 6, cora\u00e7\u00e3o da avenida, ter\u00e1 uma vis\u00e3o completa do show.\u00a0 Com a maior varanda da Sapuca\u00ed, com aproximadamente 60m de frente, al\u00e9m de uma das maiores frisas do Samb\u00f3dromo.<\/p>\n<p>Espa\u00e7o Beauty<\/p>\n<p>Customiza\u00e7\u00e3o de camisas. Em caso de customiza\u00e7\u00e3o da pe\u00e7a, a marca MAR dever\u00e1 ser mantida.<\/p>\n<p>Chapelaria<\/p>\n<p><strong>Programa\u00e7\u00e3o (ser\u00e1 divulgdo em breve)<\/strong><\/p>\n<p><strong>Importante: Idade m\u00ednima para ingressar al camarote Mar 18 anos.<\/strong><\/p>\n","protected":false},"featured_media":0,"template":"","meta":{"site-sidebar-layout":"default","site-content-layout":"","ast-site-content-layout":"default","site-content-style":"default","site-sidebar-style":"default","ast-global-header-display":"","ast-banner-title-visibility":"","ast-main-header-display":"","ast-hfb-above-header-display":"","ast-hfb-below-header-display":"","ast-hfb-mobile-header-display":"","site-post-title":"","ast-breadcrumbs-content":"","ast-featured-img":"","footer-sml-layout":"","ast-disable-related-posts":"","theme-transparent-header-meta":"default","adv-header-id-meta":"","stick-header-meta":"","header-above-stick-meta":"","header-main-stick-meta":"","header-below-stick-meta":"","astra-migrate-meta-layouts":"set","ast-page-background-enabled":"default","ast-page-background-meta":{"desktop":{"background-color":"","background-image":"","background-repeat":"repeat","background-position":"center center","background-size":"auto","background-attachment":"scroll","background-type":"","background-media":"","overlay-type":"","overlay-color":"","overlay-opacity":"","overlay-gradient":""},"tablet":{"background-color":"","background-image":"","background-repeat":"repeat","background-position":"center center","background-size":"auto","background-attachment":"scroll","background-type":"","background-media":"","overlay-type":"","overlay-color":"","overlay-opacity":"","overlay-gradient":""},"mobile":{"background-color":"","background-image":"","background-repeat":"repeat","background-position":"center center","background-size":"auto","background-attachment":"scroll","background-type":"","background-media":"","overlay-type":"","overlay-color":"","overlay-opacity":"","overlay-gradient":""}},"ast-content-background-meta":{"desktop":{"background-color":"var(--ast-global-color-5)","background-image":"","background-repeat":"repeat","background-position":"center center","background-size":"auto","background-attachment":"scroll","background-type":"","background-media":"","overlay-type":"","overlay-color":"","overlay-opacity":"","overlay-gradient":""},"tablet":{"background-color":"var(--ast-global-color-5)","background-image":"","background-repeat":"repeat","background-position":"center center","background-size":"auto","background-attachment":"scroll","background-type":"","background-media":"","overlay-type":"","overlay-color":"","overlay-opacity":"","overlay-gradient":""},"mobile":{"background-color":"var(--ast-global-color-5)","background-image":"","background-repeat":"repeat","background-position":"center center","background-size":"auto","background-attachment":"scroll","background-type":"","background-media":"","overlay-type":"","overlay-color":"","overlay-opacity":"","overlay-gradient":""}}},"product_brand":[],"product_cat":[603,717],"product_tag":[],"class_list":{"0":"post-68911","1":"product","2":"type-product","3":"status-publish","5":"product_cat-camarotes","6":"product_cat-pagina-de-ingressos","7":"pa_camarotes-camarote-mar-setor-6","8":"desktop-align-left","9":"tablet-align-left","10":"mobile-align-left","11":"tm-has-options","13":"first","14":"outofstock","15":"featured","16":"shipping-taxable","17":"purchasable","18":"product-type-variable"},"_links":{"self":[{"href":"https:\/\/riocarnavaltickets.com\/pt\/wp-json\/wp\/v2\/product\/68911","targetHints":{"allow":["GET"]}}],"collection":[{"href":"https:\/\/riocarnavaltickets.com\/pt\/wp-json\/wp\/v2\/product"}],"about":[{"href":"https:\/\/riocarnavaltickets.com\/pt\/wp-json\/wp\/v2\/types\/product"}],"wp:attachment":[{"href":"https:\/\/riocarnavaltickets.com\/pt\/wp-json\/wp\/v2\/media?parent=68911"}],"wp:term":[{"taxonomy":"product_brand","embeddable":true,"href":"https:\/\/riocarnavaltickets.com\/pt\/wp-json\/wp\/v2\/product_brand?post=68911"},{"taxonomy":"product_cat","embeddable":true,"href":"https:\/\/riocarnavaltickets.com\/pt\/wp-json\/wp\/v2\/product_cat?post=68911"},{"taxonomy":"product_tag","embeddable":true,"href":"https:\/\/riocarnavaltickets.com\/pt\/wp-json\/wp\/v2\/product_tag?post=68911"}],"curies":[{"name":"wp","href":"https:\/\/api.w.org\/{rel}","templated":true}]}}