{"id":76744,"date":"2020-01-16T14:26:16","date_gmt":"2020-01-16T17:26:16","guid":{"rendered":"https:\/\/riocarnavaltickets.com\/?post_type=product&#038;p=76744"},"modified":"2025-11-07T11:31:22","modified_gmt":"2025-11-07T14:31:22","slug":"camaroteportela","status":"publish","type":"product","link":"https:\/\/riocarnavaltickets.com\/pt\/produto\/camaroteportela\/","title":{"rendered":"Camarote Portela &#8211; utilizando o cupom \u201cRCT2026\u201d e ganhe 5% de desconto!"},"content":{"rendered":"","protected":false},"excerpt":{"rendered":"<h4 style=\"text-align: center\"><strong>Compre utilizando o cupom &#8220;RCT2026&#8221; e ganhe seu desconto exclusivo!<\/strong><\/h4>\n<p align=\"center\"><strong>Prepare-se para uma experi\u00eancia inesquec\u00edvel dentro do &#8220;Maior show da Terra&#8221;. \u00a0<\/strong><\/p>\n<p align=\"justify\">O Camarote Portela est\u00e1 pronto pra te receber no carnaval da Sapuca\u00ed em\u202f2026! Localizado em local estrat\u00e9gico no Setor 3, seja das superfrisas ou nos lounges superiores, os foli\u00f5es poder\u00e3o desfrutar da mais bem vista para os desfiles, de frente para o primeiro recuo da bateria, podendo aproveitar desde o ponto da concentra\u00e7\u00e3o.<\/p>\n<p>O ingresso do Camarote Portela d\u00e1 direito a servi\u00e7os de open bar e buffet liberado da melhor qualidade, do in\u00edcio ao fim do evento; al\u00e9m de shows de grandes nomes do samba realizados nos intervalos dos desfiles. Tamb\u00e9m est\u00e1 incluso transporte de ida e volta, saindo do meeting point localizado no Hotel JW Marriott Copacabana, onde tamb\u00e9m \u00e9 poss\u00edvel retirar seu ingresso e customizar seu abad\u00e1.<\/p>\n<p align=\"justify\"><strong>Classifica\u00e7\u00e3o Et\u00e1ria:\u00a0<\/strong>Somente ser\u00e1 permitida a entrada de maiores de 18 anos.<\/p>\n","protected":false},"featured_media":76834,"template":"","meta":{"site-sidebar-layout":"default","site-content-layout":"","ast-site-content-layout":"default","site-content-style":"default","site-sidebar-style":"default","ast-global-header-display":"","ast-banner-title-visibility":"","ast-main-header-display":"","ast-hfb-above-header-display":"","ast-hfb-below-header-display":"","ast-hfb-mobile-header-display":"","site-post-title":"","ast-breadcrumbs-content":"","ast-featured-img":"","footer-sml-layout":"","ast-disable-related-posts":"","theme-transparent-header-meta":"default","adv-header-id-meta":"","stick-header-meta":"","header-above-stick-meta":"","header-main-stick-meta":"","header-below-stick-meta":"","astra-migrate-meta-layouts":"set","ast-page-background-enabled":"default","ast-page-background-meta":{"desktop":{"background-color":"","background-image":"","background-repeat":"repeat","background-position":"center center","background-size":"auto","background-attachment":"scroll","background-type":"","background-media":"","overlay-type":"","overlay-color":"","overlay-opacity":"","overlay-gradient":""},"tablet":{"background-color":"","background-image":"","background-repeat":"repeat","background-position":"center center","background-size":"auto","background-attachment":"scroll","background-type":"","background-media":"","overlay-type":"","overlay-color":"","overlay-opacity":"","overlay-gradient":""},"mobile":{"background-color":"","background-image":"","background-repeat":"repeat","background-position":"center center","background-size":"auto","background-attachment":"scroll","background-type":"","background-media":"","overlay-type":"","overlay-color":"","overlay-opacity":"","overlay-gradient":""}},"ast-content-background-meta":{"desktop":{"background-color":"var(--ast-global-color-5)","background-image":"","background-repeat":"repeat","background-position":"center center","background-size":"auto","background-attachment":"scroll","background-type":"","background-media":"","overlay-type":"","overlay-color":"","overlay-opacity":"","overlay-gradient":""},"tablet":{"background-color":"var(--ast-global-color-5)","background-image":"","background-repeat":"repeat","background-position":"center center","background-size":"auto","background-attachment":"scroll","background-type":"","background-media":"","overlay-type":"","overlay-color":"","overlay-opacity":"","overlay-gradient":""},"mobile":{"background-color":"var(--ast-global-color-5)","background-image":"","background-repeat":"repeat","background-position":"center center","background-size":"auto","background-attachment":"scroll","background-type":"","background-media":"","overlay-type":"","overlay-color":"","overlay-opacity":"","overlay-gradient":""}}},"product_brand":[],"product_cat":[716,717],"product_tag":[],"class_list":{"0":"post-76744","1":"product","2":"type-product","3":"status-publish","4":"has-post-thumbnail","6":"product_cat-camarote-via-link","7":"product_cat-pagina-de-ingressos","8":"desktop-align-left","9":"tablet-align-left","10":"mobile-align-left","11":"tm-no-options","13":"first","14":"instock","15":"featured","16":"shipping-taxable","17":"product-type-external"},"_links":{"self":[{"href":"https:\/\/riocarnavaltickets.com\/pt\/wp-json\/wp\/v2\/product\/76744","targetHints":{"allow":["GET"]}}],"collection":[{"href":"https:\/\/riocarnavaltickets.com\/pt\/wp-json\/wp\/v2\/product"}],"about":[{"href":"https:\/\/riocarnavaltickets.com\/pt\/wp-json\/wp\/v2\/types\/product"}],"wp:featuredmedia":[{"embeddable":true,"href":"https:\/\/riocarnavaltickets.com\/pt\/wp-json\/wp\/v2\/media\/76834"}],"wp:attachment":[{"href":"https:\/\/riocarnavaltickets.com\/pt\/wp-json\/wp\/v2\/media?parent=76744"}],"wp:term":[{"taxonomy":"product_brand","embeddable":true,"href":"https:\/\/riocarnavaltickets.com\/pt\/wp-json\/wp\/v2\/product_brand?post=76744"},{"taxonomy":"product_cat","embeddable":true,"href":"https:\/\/riocarnavaltickets.com\/pt\/wp-json\/wp\/v2\/product_cat?post=76744"},{"taxonomy":"product_tag","embeddable":true,"href":"https:\/\/riocarnavaltickets.com\/pt\/wp-json\/wp\/v2\/product_tag?post=76744"}],"curies":[{"name":"wp","href":"https:\/\/api.w.org\/{rel}","templated":true}]}}